{"id":8,"date":"2025-06-08T09:38:29","date_gmt":"2025-06-08T09:38:29","guid":{"rendered":"https:\/\/store.soundton.net\/?page_id=8"},"modified":"2025-06-08T09:40:01","modified_gmt":"2025-06-08T09:40:01","slug":"cart","status":"publish","type":"page","link":"https:\/\/store.soundton.net\/?page_id=8","title":{"rendered":"Cart"},"content":{"rendered":"<div data-block-name=\"woocommerce\/cart\" class=\"wp-block-woocommerce-cart alignwide is-loading\"><div data-block-name=\"woocommerce\/filled-cart-block\" class=\"wp-block-woocommerce-filled-cart-block\"><div data-block-name=\"woocommerce\/cart-items-block\" class=\"wp-block-woocommerce-cart-items-block\"><div data-block-name=\"woocommerce\/cart-line-items-block\" class=\"wp-block-woocommerce-cart-line-items-block\"><\/div>\n\n<div data-block-name=\"woocommerce\/cart-cross-sells-block\" class=\"wp-block-woocommerce-cart-cross-sells-block\"><h2 class=\"wp-block-heading has-large-font-size\">You may be interested in\u2026<\/h2>\n\n<div data-block-name=\"woocommerce\/cart-cross-sells-products-block\" class=\"wp-block-woocommerce-cart-cross-sells-products-block\"><\/div><\/div><\/div>\n\n<div data-block-name=\"woocommerce\/cart-totals-block\" class=\"wp-block-woocommerce-cart-totals-block\"><div data-block-name=\"woocommerce\/cart-order-summary-block\" class=\"wp-block-woocommerce-cart-order-summary-block\"><div data-block-name=\"woocommerce\/cart-order-summary-heading-block\" class=\"wp-block-woocommerce-cart-order-summary-heading-block\"><\/div><div data-block-name=\"woocommerce\/cart-order-summary-coupon-form-block\" class=\"wp-block-woocommerce-cart-order-summary-coupon-form-block\"><\/div><div data-block-name=\"woocommerce\/cart-order-summary-totals-block\" class=\"wp-block-woocommerce-cart-order-summary-totals-block\">\n<div data-block-name=\"woocommerce\/cart-order-summary-subtotal-block\" class=\"wp-block-woocommerce-cart-order-summary-subtotal-block\"><\/div>\n<div data-block-name=\"woocommerce\/cart-order-summary-discount-block\" class=\"wp-block-woocommerce-cart-order-summary-discount-block\"><\/div>\n<div data-block-name=\"woocommerce\/cart-order-summary-fee-block\" class=\"wp-block-woocommerce-cart-order-summary-fee-block\"><\/div>\n<div data-block-name=\"woocommerce\/cart-order-summary-shipping-block\" class=\"wp-block-woocommerce-cart-order-summary-shipping-block\"><\/div>\n<div data-block-name=\"woocommerce\/cart-order-summary-taxes-block\" class=\"wp-block-woocommerce-cart-order-summary-taxes-block\"><\/div><\/div><\/div>\n\n<div data-block-name=\"woocommerce\/cart-express-payment-block\" class=\"wp-block-woocommerce-cart-express-payment-block\"><\/div>\n\n<div data-block-name=\"woocommerce\/proceed-to-checkout-block\" class=\"wp-block-woocommerce-proceed-to-checkout-block\"><\/div>\n\n<div data-block-name=\"woocommerce\/cart-accepted-payment-methods-block\" class=\"wp-block-woocommerce-cart-accepted-payment-methods-block\"><\/div><\/div><\/div>\n\n<div data-block-name=\"woocommerce\/empty-cart-block\" class=\"wp-block-woocommerce-empty-cart-block\"><h2 class=\"wp-block-heading has-text-align-center with-empty-cart-icon wc-block-cart__empty-cart__title\">Your cart is currently empty!<\/h2>\n\n<hr class=\"wp-block-separator has-alpha-channel-opacity is-style-dots\"\/>\n\n<h2 class=\"wp-block-heading has-text-align-center\">New in store<\/h2>\n\n<div data-block-name=\"woocommerce\/product-new\" data-columns=\"4\" data-rows=\"1\" class=\"wc-block-grid wp-block-product-new wp-block-woocommerce-product-new wc-block-product-new has-4-columns\"><ul class=\"wc-block-grid__products\"><li class=\"wc-block-grid__product\">\n\t\t\t\t<a href=\"https:\/\/store.soundton.net\/?product=woo-single-2\" class=\"wc-block-grid__product-link\">\n\t\t\t\t\t\n\t\t\t\t\t<div class=\"wc-block-grid__product-image\"><img fetchpriority=\"high\" decoding=\"async\" width=\"300\" height=\"300\" src=\"https:\/\/store.soundton.net\/wp-content\/uploads\/2017\/06\/prod1_deposit_opt-e1749389009880.jpg\" class=\"attachment-woocommerce_thumbnail size-woocommerce_thumbnail\" alt=\"All Weather Terrain Braker AS\/PRO\" \/><\/div>\n\t\t\t\t\t<div class=\"wc-block-grid__product-title\">All Weather Terrain Braker AS\/PRO<\/div>\n\t\t\t\t<\/a>\n\t\t\t\t<div class=\"wc-block-grid__product-price price\"><span class=\"woocommerce-Price-amount amount\">300&nbsp;<span class=\"woocommerce-Price-currencySymbol\">&#8363;<\/span><\/span><\/div>\n\t\t\t\t<div class=\"wc-block-grid__product-rating\"><div class=\"star-rating\" role=\"img\" aria-label=\"\u0110\u01b0\u1ee3c x\u1ebfp h\u1ea1ng 4.50 5 sao\"><span style=\"width:90%\"><strong class=\"rating\">4.50<\/strong> tr\u00ean 5 d\u1ef1a tr\u00ean <span class=\"rating\">2<\/span> \u0111\u00e1nh gi\u00e1<\/span><\/div><\/div>\n\t\t\t\t<div class=\"wp-block-button wc-block-grid__product-add-to-cart\"><a href=\"?add-to-cart=3567\" aria-label=\"Th\u00eam v\u00e0o gi\u1ecf h\u00e0ng: &ldquo;All Weather Terrain Braker AS\/PRO&rdquo;\" data-quantity=\"1\" data-product_id=\"3567\" data-product_sku=\"CW-01224\" data-price=\"300\" rel=\"nofollow\" class=\"wp-block-button__link  add_to_cart_button ajax_add_to_cart\">Th\u00eam v\u00e0o gi\u1ecf h\u00e0ng<\/a><\/div>\n\t\t\t<\/li><li class=\"wc-block-grid__product\">\n\t\t\t\t<a href=\"https:\/\/store.soundton.net\/?product=ship-your-idea-2\" class=\"wc-block-grid__product-link\">\n\t\t\t\t\t<div class=\"wc-block-grid__product-onsale\">\n\t\t\t<span aria-hidden=\"true\">Khuy\u1ebfn m\u1ea1i<\/span>\n\t\t\t<span class=\"screen-reader-text\">S\u1ea3n ph\u1ea9m \u0111ang gi\u1ea3m gi\u00e1<\/span>\n\t\t<\/div>\n\t\t\t\t\t<div class=\"wc-block-grid__product-image\"><img decoding=\"async\" width=\"300\" height=\"300\" src=\"https:\/\/store.soundton.net\/wp-content\/uploads\/2017\/06\/prod5_opt.jpg\" class=\"attachment-woocommerce_thumbnail size-woocommerce_thumbnail\" alt=\"Perfect Titanium Wheel Cover (14, 16, 18 inches)\" \/><\/div>\n\t\t\t\t\t<div class=\"wc-block-grid__product-title\">Perfect Titanium Wheel Cover (14, 16, 18 inches)<\/div>\n\t\t\t\t<\/a>\n\t\t\t\t<div class=\"wc-block-grid__product-price price\"><span class=\"woocommerce-Price-amount amount\">30&nbsp;<span class=\"woocommerce-Price-currencySymbol\">&#8363;<\/span><\/span> &ndash; <span class=\"woocommerce-Price-amount amount\">35&nbsp;<span class=\"woocommerce-Price-currencySymbol\">&#8363;<\/span><\/span><\/div>\n\t\t\t\t<div class=\"wc-block-grid__product-rating\"><div class=\"star-rating\" role=\"img\" aria-label=\"\u0110\u01b0\u1ee3c x\u1ebfp h\u1ea1ng 4.00 5 sao\"><span style=\"width:80%\"><strong class=\"rating\">4.00<\/strong> tr\u00ean 5 d\u1ef1a tr\u00ean <span class=\"rating\">3<\/span> \u0111\u00e1nh gi\u00e1<\/span><\/div><\/div>\n\t\t\t\t<div class=\"wp-block-button wc-block-grid__product-add-to-cart\"><a href=\"https:\/\/store.soundton.net\/?product=ship-your-idea-2\" aria-label=\"L\u1ef1a ch\u1ecdn cho &ldquo;Perfect Titanium Wheel Cover (14, 16, 18 inches)&rdquo;\" data-quantity=\"1\" data-product_id=\"3564\" data-product_sku=\"\" data-price=\"30\" rel=\"nofollow\" class=\"wp-block-button__link  add_to_cart_button\">L\u1ef1a ch\u1ecdn t\u00f9y ch\u1ecdn<\/a><\/div>\n\t\t\t<\/li><li class=\"wc-block-grid__product\">\n\t\t\t\t<a href=\"https:\/\/store.soundton.net\/?product=woo-album-4\" class=\"wc-block-grid__product-link\">\n\t\t\t\t\t\n\t\t\t\t\t<div class=\"wc-block-grid__product-image\"><img decoding=\"async\" width=\"300\" height=\"300\" src=\"https:\/\/store.soundton.net\/wp-content\/uploads\/2018\/05\/speakers.jpg\" class=\"attachment-woocommerce_thumbnail size-woocommerce_thumbnail\" alt=\"Combo Sport Stereos for coupe Models\" \/><\/div>\n\t\t\t\t\t<div class=\"wc-block-grid__product-title\">Combo Sport Stereos for coupe Models<\/div>\n\t\t\t\t<\/a>\n\t\t\t\t<div class=\"wc-block-grid__product-price price\"><span class=\"woocommerce-Price-amount amount\">45&nbsp;<span class=\"woocommerce-Price-currencySymbol\">&#8363;<\/span><\/span><\/div>\n\t\t\t\t<div class=\"wc-block-grid__product-rating\"><div class=\"star-rating\" role=\"img\" aria-label=\"\u0110\u01b0\u1ee3c x\u1ebfp h\u1ea1ng 5.00 5 sao\"><span style=\"width:100%\"><strong class=\"rating\">5.00<\/strong> tr\u00ean 5 d\u1ef1a tr\u00ean <span class=\"rating\">2<\/span> \u0111\u00e1nh gi\u00e1<\/span><\/div><\/div>\n\t\t\t\t<div class=\"wp-block-button wc-block-grid__product-add-to-cart\"><a href=\"?add-to-cart=3561\" aria-label=\"Th\u00eam v\u00e0o gi\u1ecf h\u00e0ng: &ldquo;Combo Sport Stereos for coupe Models&rdquo;\" data-quantity=\"1\" data-product_id=\"3561\" data-product_sku=\"AS-1244\" data-price=\"45\" rel=\"nofollow\" class=\"wp-block-button__link  add_to_cart_button ajax_add_to_cart\">Th\u00eam v\u00e0o gi\u1ecf h\u00e0ng<\/a><\/div>\n\t\t\t<\/li><li class=\"wc-block-grid__product\">\n\t\t\t\t<a href=\"https:\/\/store.soundton.net\/?product=woo-single-1\" class=\"wc-block-grid__product-link\">\n\t\t\t\t\t\n\t\t\t\t\t<div class=\"wc-block-grid__product-image\"><img loading=\"lazy\" decoding=\"async\" width=\"300\" height=\"300\" src=\"https:\/\/store.soundton.net\/wp-content\/uploads\/2018\/05\/engine_parts.jpg\" class=\"attachment-woocommerce_thumbnail size-woocommerce_thumbnail\" alt=\"Silencer 200 (new generation electro engine)\" \/><\/div>\n\t\t\t\t\t<div class=\"wc-block-grid__product-title\">Silencer 200 (new generation electro engine)<\/div>\n\t\t\t\t<\/a>\n\t\t\t\t<div class=\"wc-block-grid__product-price price\"><span class=\"woocommerce-Price-amount amount\">7&nbsp;<span class=\"woocommerce-Price-currencySymbol\">&#8363;<\/span><\/span><\/div>\n\t\t\t\t\n\t\t\t\t<div class=\"wp-block-button wc-block-grid__product-add-to-cart\"><a href=\"?add-to-cart=3560\" aria-label=\"Th\u00eam v\u00e0o gi\u1ecf h\u00e0ng: &ldquo;Silencer 200 (new generation electro engine)&rdquo;\" data-quantity=\"1\" data-product_id=\"3560\" data-product_sku=\"CL-3343\" data-price=\"7\" rel=\"nofollow\" class=\"wp-block-button__link  add_to_cart_button ajax_add_to_cart\">Th\u00eam v\u00e0o gi\u1ecf h\u00e0ng<\/a><\/div>\n\t\t\t<\/li><\/ul><\/div><\/div><\/div>","protected":false},"excerpt":{"rendered":"","protected":false},"author":1,"featured_media":0,"parent":0,"menu_order":0,"comment_status":"closed","ping_status":"closed","template":"","meta":{"footnotes":""},"class_list":["post-8","page","type-page","status-publish","hentry"],"yoast_head":"<!-- This site is optimized with the Yoast SEO plugin v25.2 - https:\/\/yoast.com\/wordpress\/plugins\/seo\/ -->\n<title>Cart - SOUNDTON INDUSTRY JOINT STOCK COMPANY<\/title>\n<meta name=\"robots\" content=\"index, follow, max-snippet:-1, max-image-preview:large, max-video-preview:-1\" \/>\n<link rel=\"canonical\" href=\"https:\/\/store.soundton.net\/?page_id=8\" \/>\n<meta property=\"og:locale\" content=\"vi_VN\" \/>\n<meta property=\"og:type\" content=\"article\" \/>\n<meta property=\"og:title\" content=\"Cart - SOUNDTON INDUSTRY JOINT STOCK COMPANY\" \/>\n<meta property=\"og:url\" content=\"https:\/\/store.soundton.net\/?page_id=8\" \/>\n<meta property=\"og:site_name\" content=\"SOUNDTON INDUSTRY JOINT STOCK COMPANY\" \/>\n<meta property=\"article:modified_time\" content=\"2025-06-08T09:40:01+00:00\" \/>\n<meta name=\"twitter:card\" content=\"summary_large_image\" \/>\n<script type=\"application\/ld+json\" class=\"yoast-schema-graph\">{\"@context\":\"https:\/\/schema.org\",\"@graph\":[{\"@type\":\"WebPage\",\"@id\":\"https:\/\/store.soundton.net\/?page_id=8\",\"url\":\"https:\/\/store.soundton.net\/?page_id=8\",\"name\":\"Cart - SOUNDTON INDUSTRY JOINT STOCK COMPANY\",\"isPartOf\":{\"@id\":\"https:\/\/store.soundton.net\/#website\"},\"datePublished\":\"2025-06-08T09:38:29+00:00\",\"dateModified\":\"2025-06-08T09:40:01+00:00\",\"breadcrumb\":{\"@id\":\"https:\/\/store.soundton.net\/?page_id=8#breadcrumb\"},\"inLanguage\":\"vi\",\"potentialAction\":[{\"@type\":\"ReadAction\",\"target\":[\"https:\/\/store.soundton.net\/?page_id=8\"]}]},{\"@type\":\"BreadcrumbList\",\"@id\":\"https:\/\/store.soundton.net\/?page_id=8#breadcrumb\",\"itemListElement\":[{\"@type\":\"ListItem\",\"position\":1,\"name\":\"Home\",\"item\":\"https:\/\/store.soundton.net\/\"},{\"@type\":\"ListItem\",\"position\":2,\"name\":\"Cart\"}]},{\"@type\":\"WebSite\",\"@id\":\"https:\/\/store.soundton.net\/#website\",\"url\":\"https:\/\/store.soundton.net\/\",\"name\":\"SOUNDTON INDUSTRY JOINT STOCK COMPANY\",\"description\":\"\",\"publisher\":{\"@id\":\"https:\/\/store.soundton.net\/#organization\"},\"potentialAction\":[{\"@type\":\"SearchAction\",\"target\":{\"@type\":\"EntryPoint\",\"urlTemplate\":\"https:\/\/store.soundton.net\/?s={search_term_string}\"},\"query-input\":{\"@type\":\"PropertyValueSpecification\",\"valueRequired\":true,\"valueName\":\"search_term_string\"}}],\"inLanguage\":\"vi\"},{\"@type\":\"Organization\",\"@id\":\"https:\/\/store.soundton.net\/#organization\",\"name\":\"SOUNDTON INDUSTRY JOINT STOCK COMPANY\",\"url\":\"https:\/\/store.soundton.net\/\",\"logo\":{\"@type\":\"ImageObject\",\"inLanguage\":\"vi\",\"@id\":\"https:\/\/store.soundton.net\/#\/schema\/logo\/image\/\",\"url\":\"https:\/\/store.soundton.net\/wp-content\/uploads\/2025\/06\/Logo4_3_anhlogo.png\",\"contentUrl\":\"https:\/\/store.soundton.net\/wp-content\/uploads\/2025\/06\/Logo4_3_anhlogo.png\",\"width\":1878,\"height\":1195,\"caption\":\"SOUNDTON INDUSTRY JOINT STOCK COMPANY\"},\"image\":{\"@id\":\"https:\/\/store.soundton.net\/#\/schema\/logo\/image\/\"}}]}<\/script>\n<!-- \/ Yoast SEO plugin. -->","yoast_head_json":{"title":"Cart - SOUNDTON INDUSTRY JOINT STOCK COMPANY","robots":{"index":"index","follow":"follow","max-snippet":"max-snippet:-1","max-image-preview":"max-image-preview:large","max-video-preview":"max-video-preview:-1"},"canonical":"https:\/\/store.soundton.net\/?page_id=8","og_locale":"vi_VN","og_type":"article","og_title":"Cart - SOUNDTON INDUSTRY JOINT STOCK COMPANY","og_url":"https:\/\/store.soundton.net\/?page_id=8","og_site_name":"SOUNDTON INDUSTRY JOINT STOCK COMPANY","article_modified_time":"2025-06-08T09:40:01+00:00","twitter_card":"summary_large_image","schema":{"@context":"https:\/\/schema.org","@graph":[{"@type":"WebPage","@id":"https:\/\/store.soundton.net\/?page_id=8","url":"https:\/\/store.soundton.net\/?page_id=8","name":"Cart - SOUNDTON INDUSTRY JOINT STOCK COMPANY","isPartOf":{"@id":"https:\/\/store.soundton.net\/#website"},"datePublished":"2025-06-08T09:38:29+00:00","dateModified":"2025-06-08T09:40:01+00:00","breadcrumb":{"@id":"https:\/\/store.soundton.net\/?page_id=8#breadcrumb"},"inLanguage":"vi","potentialAction":[{"@type":"ReadAction","target":["https:\/\/store.soundton.net\/?page_id=8"]}]},{"@type":"BreadcrumbList","@id":"https:\/\/store.soundton.net\/?page_id=8#breadcrumb","itemListElement":[{"@type":"ListItem","position":1,"name":"Home","item":"https:\/\/store.soundton.net\/"},{"@type":"ListItem","position":2,"name":"Cart"}]},{"@type":"WebSite","@id":"https:\/\/store.soundton.net\/#website","url":"https:\/\/store.soundton.net\/","name":"SOUNDTON INDUSTRY JOINT STOCK COMPANY","description":"","publisher":{"@id":"https:\/\/store.soundton.net\/#organization"},"potentialAction":[{"@type":"SearchAction","target":{"@type":"EntryPoint","urlTemplate":"https:\/\/store.soundton.net\/?s={search_term_string}"},"query-input":{"@type":"PropertyValueSpecification","valueRequired":true,"valueName":"search_term_string"}}],"inLanguage":"vi"},{"@type":"Organization","@id":"https:\/\/store.soundton.net\/#organization","name":"SOUNDTON INDUSTRY JOINT STOCK COMPANY","url":"https:\/\/store.soundton.net\/","logo":{"@type":"ImageObject","inLanguage":"vi","@id":"https:\/\/store.soundton.net\/#\/schema\/logo\/image\/","url":"https:\/\/store.soundton.net\/wp-content\/uploads\/2025\/06\/Logo4_3_anhlogo.png","contentUrl":"https:\/\/store.soundton.net\/wp-content\/uploads\/2025\/06\/Logo4_3_anhlogo.png","width":1878,"height":1195,"caption":"SOUNDTON INDUSTRY JOINT STOCK COMPANY"},"image":{"@id":"https:\/\/store.soundton.net\/#\/schema\/logo\/image\/"}}]}},"_links":{"self":[{"href":"https:\/\/store.soundton.net\/index.php?rest_route=\/wp\/v2\/pages\/8","targetHints":{"allow":["GET"]}}],"collection":[{"href":"https:\/\/store.soundton.net\/index.php?rest_route=\/wp\/v2\/pages"}],"about":[{"href":"https:\/\/store.soundton.net\/index.php?rest_route=\/wp\/v2\/types\/page"}],"author":[{"embeddable":true,"href":"https:\/\/store.soundton.net\/index.php?rest_route=\/wp\/v2\/users\/1"}],"replies":[{"embeddable":true,"href":"https:\/\/store.soundton.net\/index.php?rest_route=%2Fwp%2Fv2%2Fcomments&post=8"}],"version-history":[{"count":1,"href":"https:\/\/store.soundton.net\/index.php?rest_route=\/wp\/v2\/pages\/8\/revisions"}],"predecessor-version":[{"id":60,"href":"https:\/\/store.soundton.net\/index.php?rest_route=\/wp\/v2\/pages\/8\/revisions\/60"}],"wp:attachment":[{"href":"https:\/\/store.soundton.net\/index.php?rest_route=%2Fwp%2Fv2%2Fmedia&parent=8"}],"curies":[{"name":"wp","href":"https:\/\/api.w.org\/{rel}","templated":true}]}}